{"id":146,"date":"2025-10-21T19:00:25","date_gmt":"2025-10-21T19:00:25","guid":{"rendered":"https:\/\/elternrat-kuengenmatt.ch\/?page_id=146"},"modified":"2026-02-24T18:32:14","modified_gmt":"2026-02-24T18:32:14","slug":"elternrat-schule-kuengenmatt","status":"publish","type":"page","link":"https:\/\/elternrat-kuengenmatt.ch\/","title":{"rendered":"Elternrat Schule K\u00fcngenmatt"},"content":{"rendered":"\n<div class=\"wp-block-group alignfull is-style-section-1 has-global-padding is-layout-constrained wp-block-group-is-layout-constrained is-style-section-1--1\" style=\"margin-top:0;margin-bottom:0;padding-top:var(--wp--preset--spacing--40);padding-bottom:var(--wp--preset--spacing--40)\">\n<div class=\"wp-block-columns alignwide is-layout-flex wp-container-core-columns-is-layout-66fad18a wp-block-columns-is-layout-flex\">\n<div class=\"wp-block-column is-layout-flow wp-block-column-is-layout-flow\" style=\"padding-right:var(--wp--preset--spacing--50);flex-basis:45%\">\n<figure class=\"wp-block-image size-full is-resized\"><img loading=\"lazy\" decoding=\"async\" width=\"259\" height=\"194\" src=\"https:\/\/elternrat-kuengenmatt.ch\/wp-content\/uploads\/2025\/08\/SChuleKuengenmatt.jpg\" alt=\"\" class=\"wp-image-117\" style=\"width:345px;height:auto\"\/><\/figure>\n\n\n\n<div class=\"wp-block-group has-global-padding is-layout-constrained wp-block-group-is-layout-constrained\" style=\"margin-top:-12vw\">\n<figure class=\"wp-block-image alignright size-full is-resized\" style=\"margin-right:-5vw;margin-left:-5vw\"><img loading=\"lazy\" decoding=\"async\" width=\"2560\" height=\"1707\" src=\"https:\/\/elternrat-kuengenmatt.ch\/wp-content\/uploads\/2025\/10\/DSC8112-scaled.jpg\" alt=\"\" class=\"wp-image-178\" style=\"aspect-ratio:1;object-fit:cover;width:343px\" srcset=\"https:\/\/elternrat-kuengenmatt.ch\/wp-content\/uploads\/2025\/10\/DSC8112-scaled.jpg 2560w, https:\/\/elternrat-kuengenmatt.ch\/wp-content\/uploads\/2025\/10\/DSC8112-300x200.jpg 300w, https:\/\/elternrat-kuengenmatt.ch\/wp-content\/uploads\/2025\/10\/DSC8112-1024x683.jpg 1024w, https:\/\/elternrat-kuengenmatt.ch\/wp-content\/uploads\/2025\/10\/DSC8112-768x512.jpg 768w\" sizes=\"auto, (max-width: 2560px) 100vw, 2560px\" \/><\/figure>\n<\/div>\n<\/div>\n\n\n\n<div class=\"wp-block-column is-vertically-aligned-center is-layout-flow wp-block-column-is-layout-flow\" style=\"padding-right:0;padding-left:0;flex-basis:50%\">\n<p class=\"is-style-text-subtitle has-manrope-font-family has-large-font-size is-style-text-subtitle--2\">Der Elternrat der Primarschule K\u00fcngenmatt ist die Br\u00fccke zwischen Schule und Elternhaus. Wir unterst\u00fctzen den Schulbetrieb, f\u00f6rdern die Gemeinschaft und organisieren Projekte \u2013 immer zum Wohl der Kinder.<\/p>\n<\/div>\n<\/div>\n<\/div>\n\n\n\n<div class=\"wp-block-group alignfull is-style-section-1 has-global-padding is-layout-constrained wp-container-core-group-is-layout-42de2513 wp-block-group-is-layout-constrained is-style-section-1--3\" style=\"margin-top:0;margin-bottom:0;padding-top:var(--wp--preset--spacing--30);padding-right:0;padding-bottom:var(--wp--preset--spacing--30);padding-left:0\">\n<div class=\"wp-block-buttons alignwide has-custom-font-size has-medium-font-size is-content-justification-left is-layout-flex wp-container-core-buttons-is-layout-24a44033 wp-block-buttons-is-layout-flex\">\n<div class=\"wp-block-button is-style-outline is-style-outline--4\"><a class=\"wp-block-button__link wp-element-button\" href=\"#NewsundTermine\">News und Termine<\/a><\/div>\n\n\n\n<div class=\"wp-block-button is-style-outline is-style-outline--5\"><a class=\"wp-block-button__link wp-element-button\" href=\"#Uber-uns\">\u00dcber uns<\/a><\/div>\n\n\n\n<div class=\"wp-block-button is-style-outline is-style-outline--6\"><a class=\"wp-block-button__link wp-element-button\" href=\"#Projekte\">Projekte<\/a><\/div>\n\n\n\n<div class=\"wp-block-button is-style-outline is-style-outline--7\"><a class=\"wp-block-button__link wp-element-button\" href=\"#Download\">Download und Links<\/a><\/div>\n<\/div>\n<\/div>\n\n\n\n<hr class=\"wp-block-separator has-alpha-channel-opacity is-style-wide is-style-wide--8\" style=\"margin-top:0;margin-bottom:0\"\/>\n\n\n\n<aside class=\"wp-block-group alignfull is-style-section-1 has-global-padding is-layout-constrained wp-container-core-group-is-layout-f0f2a97b wp-block-group-is-layout-constrained is-style-section-1--9\" style=\"margin-top:0;margin-bottom:0;padding-top:var(--wp--preset--spacing--50);padding-right:var(--wp--preset--spacing--50);padding-bottom:var(--wp--preset--spacing--50);padding-left:var(--wp--preset--spacing--50)\">\n<div class=\"wp-block-group is-vertical is-content-justification-center is-layout-flex wp-container-core-group-is-layout-8778ca4a wp-block-group-is-layout-flex\" style=\"min-height:360px;margin-top:0;margin-bottom:0\">\n<p class=\"has-xx-large-font-size\" id=\"NewsundTermine\">News und Termine<\/p>\n\n\n\n<p class=\"has-text-align-center is-style-text-subtitle has-manrope-font-family has-large-font-size is-style-text-subtitle--10\">N\u00e4chste Elternrat Sitzung: Dienstag 12.03.2026 im Hort K\u00fcngenmatt 1<\/p>\n\n\n\n<ul class=\"wp-block-list\">\n<li class=\"has-large-font-size\">&nbsp;Projektgruppen ab 18:30<\/li>\n\n\n\n<li class=\"has-large-font-size\">Offizielle Sitzung ab 19:15 Uhr bis ca. 21 Uhr.<\/li>\n<\/ul>\n\n\n\n<p class=\"has-text-align-center is-style-text-subtitle has-large-font-size is-style-text-subtitle--11\">\u200bAb 18:30 sind alle Elternr\u00e4te und Interessierte herzlich eingeladen, die eine Idee f\u00fcr eine neue Projektgruppe habe<\/p>\n\n\n\n<div style=\"height:0px\" aria-hidden=\"true\" class=\"wp-block-spacer wp-container-content-62aae154\"><\/div>\n\n\n\n<div class=\"wp-block-buttons is-content-justification-center is-layout-flex wp-container-core-buttons-is-layout-a89b3969 wp-block-buttons-is-layout-flex\">\n<div class=\"wp-block-button is-style-outline is-style-outline--12\"><a class=\"wp-block-button__link has-text-align-center wp-element-button\" href=\"https:\/\/elternrat-kuengenmatt.ch\/?page_id=214\">Protokoll Elternratssitzung vom 21. Oktober 2025<\/a><\/div>\n<\/div>\n<\/div>\n<\/aside>\n\n\n\n<hr class=\"wp-block-separator has-alpha-channel-opacity is-style-wide is-style-wide--13\" style=\"margin-top:0;margin-bottom:0\"\/>\n\n\n\n<div class=\"wp-block-group alignfull is-style-section-1 has-global-padding is-layout-constrained wp-block-group-is-layout-constrained is-style-section-1--14\" style=\"margin-top:0;margin-bottom:0;padding-top:var(--wp--preset--spacing--60);padding-bottom:var(--wp--preset--spacing--60)\">\n<div class=\"wp-block-columns alignwide is-layout-flex wp-container-core-columns-is-layout-74b2cda3 wp-block-columns-is-layout-flex\">\n<div class=\"wp-block-column is-layout-flow wp-block-column-is-layout-flow\">\n<div class=\"wp-block-group is-vertical is-content-justification-left is-layout-flex wp-container-core-group-is-layout-7ce391b6 wp-block-group-is-layout-flex\" style=\"min-height:100%\">\n<p class=\"has-xx-large-font-size\" id=\"Uber-uns\">\u00dcber uns<\/p>\n\n\n\n<p>Der Elternrat K\u00fcngenmatt ist ein offizielles Gremium der Elternmitwirkung gem\u00e4ss Volksschulgesetz \u00a755. Sie f\u00f6rdert Austausch, Zusammenarbeit und Mitsprache der Eltern \u2013 klar abgegrenzt von schulischen Entscheidungen. Jede Klasse w\u00e4hlt Delegierte, die ihre Anliegen im Elternrat einbringen.<\/p>\n\n\n\n<blockquote class=\"wp-block-quote is-style-plain has-x-large-font-size is-layout-flow wp-container-core-quote-is-layout-5dafc681 wp-block-quote-is-layout-flow is-style-plain--15\" style=\"font-style:normal;font-weight:400\">\n<div class=\"wp-block-group has-global-padding is-content-justification-left is-layout-constrained wp-container-core-group-is-layout-085bd3d9 wp-block-group-is-layout-constrained\" style=\"margin-top:0;margin-bottom:0;padding-top:0;padding-right:0;padding-bottom:0;padding-left:0\">\n<div class=\"wp-block-buttons is-layout-flex wp-block-buttons-is-layout-flex\">\n<div class=\"wp-block-button is-style-outline is-style-outline--16\"><a class=\"wp-block-button__link wp-element-button\" href=\"mailto:elternrat.kuengenmatt@gmail.com\">Kontakt<\/a><\/div>\n<\/div>\n<\/div>\n<\/blockquote>\n<\/div>\n<\/div>\n\n\n\n<div class=\"wp-block-column is-style-default is-layout-flow wp-block-column-is-layout-flow\" style=\"padding-top:0;padding-right:0;padding-bottom:0;padding-left:0\">\n<figure class=\"wp-block-image alignright size-large is-resized\"><img loading=\"lazy\" decoding=\"async\" width=\"683\" height=\"1024\" src=\"https:\/\/elternrat-kuengenmatt.ch\/wp-content\/uploads\/2025\/10\/DSC8179-683x1024.jpg\" alt=\"\" class=\"wp-image-182\" style=\"aspect-ratio:1;object-fit:cover;width:425px;height:auto\" srcset=\"https:\/\/elternrat-kuengenmatt.ch\/wp-content\/uploads\/2025\/10\/DSC8179-683x1024.jpg 683w, https:\/\/elternrat-kuengenmatt.ch\/wp-content\/uploads\/2025\/10\/DSC8179-200x300.jpg 200w, https:\/\/elternrat-kuengenmatt.ch\/wp-content\/uploads\/2025\/10\/DSC8179-768x1152.jpg 768w, https:\/\/elternrat-kuengenmatt.ch\/wp-content\/uploads\/2025\/10\/DSC8179-rotated.jpg 1000w\" sizes=\"auto, (max-width: 683px) 100vw, 683px\" \/><\/figure>\n<\/div>\n<\/div>\n<\/div>\n\n\n\n<hr class=\"wp-block-separator has-alpha-channel-opacity is-style-wide is-style-wide--17\" style=\"margin-top:0;margin-bottom:0\"\/>\n\n\n\n<div class=\"wp-block-group alignfull is-style-section-1 has-global-padding is-layout-constrained wp-block-group-is-layout-constrained is-style-section-1--18\" style=\"margin-top:0;margin-bottom:0;padding-top:var(--wp--preset--spacing--60);padding-bottom:var(--wp--preset--spacing--60)\">\n<div class=\"wp-block-columns alignwide is-layout-flex wp-container-core-columns-is-layout-74b2cda3 wp-block-columns-is-layout-flex\">\n<div class=\"wp-block-column is-layout-flow wp-block-column-is-layout-flow\" style=\"padding-top:0;padding-right:0;padding-bottom:0;padding-left:0\">\n<figure class=\"wp-block-image size-full\"><img loading=\"lazy\" decoding=\"async\" width=\"1707\" height=\"2560\" src=\"https:\/\/elternrat-kuengenmatt.ch\/wp-content\/uploads\/2025\/10\/DSC8159-scaled.jpg\" alt=\"\" class=\"wp-image-180\" srcset=\"https:\/\/elternrat-kuengenmatt.ch\/wp-content\/uploads\/2025\/10\/DSC8159-scaled.jpg 1707w, https:\/\/elternrat-kuengenmatt.ch\/wp-content\/uploads\/2025\/10\/DSC8159-200x300.jpg 200w, https:\/\/elternrat-kuengenmatt.ch\/wp-content\/uploads\/2025\/10\/DSC8159-683x1024.jpg 683w, https:\/\/elternrat-kuengenmatt.ch\/wp-content\/uploads\/2025\/10\/DSC8159-768x1152.jpg 768w\" sizes=\"auto, (max-width: 1707px) 100vw, 1707px\" \/><\/figure>\n<\/div>\n\n\n\n<div class=\"wp-block-column is-layout-flow wp-block-column-is-layout-flow\">\n<div class=\"wp-block-group is-vertical is-content-justification-stretch is-layout-flex wp-container-core-group-is-layout-1e8bc064 wp-block-group-is-layout-flex\" style=\"min-height:100%\">\n<p class=\"is-style-text-display is-style-text-display--19\">Unsere Aufgaben<\/p>\n\n\n\n<ul id=\"block-3900b9ab-f395-4b38-b888-c12ea75652d8\" class=\"wp-block-list\">\n<li>Kontakte zwischen Eltern, Lehrpersonen, Schulleitung, Sch\u00fclerrat und Beh\u00f6rden pflegen<\/li>\n\n\n\n<li>Anliegen und Ideen der Eltern- und Sch\u00fclerschaft einbringen<\/li>\n\n\n\n<li>Teilnahme an Diskussionen und Meinungsbildungen in der Schule<\/li>\n\n\n\n<li>Organisation und Unterst\u00fctzung von Anl\u00e4ssen und Elternbildung<\/li>\n<\/ul>\n\n\n\n<p class=\"is-style-text-display is-style-text-display--20\">Der Elternrat im K\u00fcngenmatt<\/p>\n\n\n\n<ul id=\"block-7ac91cd5-5aa9-4864-963a-c8836f17a4aa\" class=\"wp-block-list\">\n<li>Jede Klasse ist durch min. 2 Eltern vertreten<\/li>\n\n\n\n<li>Sitzungen: 3 Mal pro Jahr, Projektgruppen ab 18:30 Uhr, Hauptteil ab 19:15 Uhr, danach Ap\u00e9ro<\/li>\n\n\n\n<li>Die Sitzung werden durch den Vorstand geleitet.<\/li>\n\n\n\n<li>An den Sitzungen nehmen ausserdem die Schulleitung, sowie eine Lehrer- und Hortvertretung teil. Es werden aktuelle Themen aus der Schule besprochen, Projekte initiiert und umgesetzt.<\/li>\n<\/ul>\n<\/div>\n<\/div>\n<\/div>\n<\/div>\n\n\n\n<hr class=\"wp-block-separator has-alpha-channel-opacity\" style=\"margin-top:0;margin-bottom:0\"\/>\n\n\n\n<div class=\"wp-block-group alignfull is-style-section-1 has-global-padding is-layout-constrained wp-block-group-is-layout-constrained is-style-section-1--21\" style=\"margin-top:0;margin-bottom:0;padding-top:var(--wp--preset--spacing--60);padding-bottom:var(--wp--preset--spacing--60)\">\n<div class=\"wp-block-columns alignwide is-layout-flex wp-container-core-columns-is-layout-74b2cda3 wp-block-columns-is-layout-flex\">\n<div class=\"wp-block-column is-layout-flow wp-block-column-is-layout-flow\">\n<div class=\"wp-block-group is-style-default is-nowrap is-layout-flex wp-container-core-group-is-layout-6c531013 wp-block-group-is-layout-flex\">\n<div class=\"wp-block-group is-vertical is-content-justification-left is-layout-flex wp-container-core-group-is-layout-ed22c66a wp-block-group-is-layout-flex\" style=\"min-height:360px;margin-top:0;margin-bottom:0\">\n<p class=\"has-text-align-left has-xx-large-font-size\" id=\"Projekte\">Laufende Projekte<\/p>\n\n\n\n<ul id=\"block-3900b9ab-f395-4b38-b888-c12ea75652d8\" class=\"wp-block-list\">\n<li>T-Shirt K\u00fcngenmatt<\/li>\n\n\n\n<li>Erz\u00e4hlnacht<\/li>\n\n\n\n<li>K\u00fcngenblatt<\/li>\n\n\n\n<li>Elternbildung<\/li>\n\n\n\n<li>Integration von Eltern<\/li>\n\n\n\n<li>K\u00fcngenfest<\/li>\n<\/ul>\n<\/div>\n<\/div>\n\n\n\n<div class=\"wp-block-buttons is-layout-flex wp-block-buttons-is-layout-flex\">\n<div class=\"wp-block-button is-style-outline is-style-outline--22\"><a class=\"wp-block-button__link wp-element-button\" href=\"https:\/\/elternrat-kuengenmatt.ch\/?page_id=100\">Projekte<\/a><\/div>\n<\/div>\n<\/div>\n\n\n\n<div class=\"wp-block-column is-style-default is-layout-flow wp-block-column-is-layout-flow\" style=\"padding-top:0;padding-right:0;padding-bottom:0;padding-left:0\">\n<figure class=\"wp-block-image alignright size-full is-resized\"><img loading=\"lazy\" decoding=\"async\" width=\"595\" height=\"841\" src=\"https:\/\/elternrat-kuengenmatt.ch\/wp-content\/uploads\/2025\/10\/Kuengenblatt_18_25-1.jpg\" alt=\"\" class=\"wp-image-223\" style=\"aspect-ratio:2\/3;object-fit:cover;width:400px\" srcset=\"https:\/\/elternrat-kuengenmatt.ch\/wp-content\/uploads\/2025\/10\/Kuengenblatt_18_25-1.jpg 595w, https:\/\/elternrat-kuengenmatt.ch\/wp-content\/uploads\/2025\/10\/Kuengenblatt_18_25-1-212x300.jpg 212w\" sizes=\"auto, (max-width: 595px) 100vw, 595px\" \/><\/figure>\n<\/div>\n<\/div>\n<\/div>\n\n\n\n<hr class=\"wp-block-separator has-alpha-channel-opacity is-style-wide is-style-wide--23\" style=\"margin-top:0;margin-bottom:0\"\/>\n\n\n\n<div class=\"wp-block-group alignfull is-style-section-1 has-global-padding is-content-justification-center is-layout-constrained wp-container-core-group-is-layout-c85a72e9 wp-block-group-is-layout-constrained is-style-section-1--24\" style=\"margin-top:0;margin-bottom:0;padding-top:var(--wp--preset--spacing--50);padding-bottom:var(--wp--preset--spacing--50)\">\n<p class=\"has-text-align-left has-xx-large-font-size\">Der Vorstand<\/p>\n\n\n\n<div class=\"wp-block-columns alignwide is-layout-flex wp-container-core-columns-is-layout-28f84493 wp-block-columns-is-layout-flex\">\n<div class=\"wp-block-column is-layout-flow wp-block-column-is-layout-flow\">\n<figure class=\"wp-block-image size-full\" style=\"margin-bottom:24px\"><img loading=\"lazy\" decoding=\"async\" width=\"604\" height=\"906\" src=\"https:\/\/elternrat-kuengenmatt.ch\/wp-content\/uploads\/2025\/08\/705ef4_611ddcb33903457597d3fe7ce809af24mv2_d_2304_3456_s_2.jpg\" alt=\"\" class=\"wp-image-59\" style=\"aspect-ratio:4\/3;object-fit:cover\" srcset=\"https:\/\/elternrat-kuengenmatt.ch\/wp-content\/uploads\/2025\/08\/705ef4_611ddcb33903457597d3fe7ce809af24mv2_d_2304_3456_s_2.jpg 604w, https:\/\/elternrat-kuengenmatt.ch\/wp-content\/uploads\/2025\/08\/705ef4_611ddcb33903457597d3fe7ce809af24mv2_d_2304_3456_s_2-200x300.jpg 200w\" sizes=\"auto, (max-width: 604px) 100vw, 604px\" \/><figcaption class=\"wp-element-caption\">Hannah-Maria<\/figcaption><\/figure>\n<\/div>\n\n\n\n<div class=\"wp-block-column is-layout-flow wp-block-column-is-layout-flow\">\n<figure class=\"wp-block-image size-full\" style=\"margin-bottom:24px\"><img loading=\"lazy\" decoding=\"async\" width=\"1090\" height=\"800\" src=\"https:\/\/elternrat-kuengenmatt.ch\/wp-content\/uploads\/2025\/08\/ChantalDeuss_pkg_1090x800.jpg.webp\" alt=\"\" class=\"wp-image-113\" style=\"aspect-ratio:4\/3;object-fit:cover\" srcset=\"https:\/\/elternrat-kuengenmatt.ch\/wp-content\/uploads\/2025\/08\/ChantalDeuss_pkg_1090x800.jpg.webp 1090w, https:\/\/elternrat-kuengenmatt.ch\/wp-content\/uploads\/2025\/08\/ChantalDeuss_pkg_1090x800.jpg-300x220.webp 300w, https:\/\/elternrat-kuengenmatt.ch\/wp-content\/uploads\/2025\/08\/ChantalDeuss_pkg_1090x800.jpg-1024x752.webp 1024w, https:\/\/elternrat-kuengenmatt.ch\/wp-content\/uploads\/2025\/08\/ChantalDeuss_pkg_1090x800.jpg-768x564.webp 768w\" sizes=\"auto, (max-width: 1090px) 100vw, 1090px\" \/><figcaption class=\"wp-element-caption\">Chantal<\/figcaption><\/figure>\n<\/div>\n\n\n\n<div class=\"wp-block-column is-layout-flow wp-block-column-is-layout-flow\">\n<figure class=\"wp-block-image size-full\" style=\"margin-bottom:24px\"><img loading=\"lazy\" decoding=\"async\" width=\"604\" height=\"496\" src=\"https:\/\/elternrat-kuengenmatt.ch\/wp-content\/uploads\/2025\/08\/705ef4_11b79bbfcc6b447fb5e87ca54f1ccefcmv2.jpg\" alt=\"\" class=\"wp-image-57\" style=\"aspect-ratio:4\/3;object-fit:cover\" srcset=\"https:\/\/elternrat-kuengenmatt.ch\/wp-content\/uploads\/2025\/08\/705ef4_11b79bbfcc6b447fb5e87ca54f1ccefcmv2.jpg 604w, https:\/\/elternrat-kuengenmatt.ch\/wp-content\/uploads\/2025\/08\/705ef4_11b79bbfcc6b447fb5e87ca54f1ccefcmv2-300x246.jpg 300w\" sizes=\"auto, (max-width: 604px) 100vw, 604px\" \/><figcaption class=\"wp-element-caption\">Max<\/figcaption><\/figure>\n<\/div>\n\n\n\n<div class=\"wp-block-column is-layout-flow wp-block-column-is-layout-flow\">\n<figure class=\"wp-block-image size-full\" style=\"margin-bottom:24px\"><img loading=\"lazy\" decoding=\"async\" width=\"604\" height=\"604\" src=\"https:\/\/elternrat-kuengenmatt.ch\/wp-content\/uploads\/2025\/08\/705ef4_029d16ae1d3944e58a2fedd999558958mv2-1-edited.jpg\" alt=\"\" class=\"wp-image-91\" style=\"aspect-ratio:4\/3;object-fit:cover\" srcset=\"https:\/\/elternrat-kuengenmatt.ch\/wp-content\/uploads\/2025\/08\/705ef4_029d16ae1d3944e58a2fedd999558958mv2-1-edited.jpg 604w, https:\/\/elternrat-kuengenmatt.ch\/wp-content\/uploads\/2025\/08\/705ef4_029d16ae1d3944e58a2fedd999558958mv2-1-edited-300x300.jpg 300w, https:\/\/elternrat-kuengenmatt.ch\/wp-content\/uploads\/2025\/08\/705ef4_029d16ae1d3944e58a2fedd999558958mv2-1-edited-150x150.jpg 150w\" sizes=\"auto, (max-width: 604px) 100vw, 604px\" \/><figcaption class=\"wp-element-caption\">Jyri<\/figcaption><\/figure>\n<\/div>\n<\/div>\n<\/div>\n\n\n\n<hr class=\"wp-block-separator has-alpha-channel-opacity\" style=\"margin-top:0;margin-bottom:0\"\/>\n\n\n\n<div class=\"wp-block-group alignfull is-style-section-1 has-global-padding is-layout-constrained wp-block-group-is-layout-constrained is-style-section-1--25\" style=\"margin-top:0;margin-bottom:0;padding-top:var(--wp--preset--spacing--80);padding-bottom:var(--wp--preset--spacing--80)\">\n<div class=\"wp-block-columns alignwide is-layout-flex wp-container-core-columns-is-layout-66fad18a wp-block-columns-is-layout-flex\">\n<div class=\"wp-block-column is-layout-flow wp-block-column-is-layout-flow\" style=\"padding-right:var(--wp--preset--spacing--50);flex-basis:45%\">\n<figure class=\"wp-block-image size-full is-resized\"><img loading=\"lazy\" decoding=\"async\" width=\"1084\" height=\"665\" src=\"https:\/\/elternrat-kuengenmatt.ch\/wp-content\/uploads\/2025\/10\/T-ShirtD_02.jpg\" alt=\"\" class=\"wp-image-232\" style=\"aspect-ratio:1;object-fit:cover;width:345px;height:auto\" srcset=\"https:\/\/elternrat-kuengenmatt.ch\/wp-content\/uploads\/2025\/10\/T-ShirtD_02.jpg 1084w, https:\/\/elternrat-kuengenmatt.ch\/wp-content\/uploads\/2025\/10\/T-ShirtD_02-300x184.jpg 300w, https:\/\/elternrat-kuengenmatt.ch\/wp-content\/uploads\/2025\/10\/T-ShirtD_02-1024x628.jpg 1024w, https:\/\/elternrat-kuengenmatt.ch\/wp-content\/uploads\/2025\/10\/T-ShirtD_02-768x471.jpg 768w\" sizes=\"auto, (max-width: 1084px) 100vw, 1084px\" \/><\/figure>\n\n\n\n<div class=\"wp-block-group has-global-padding is-layout-constrained wp-block-group-is-layout-constrained\" style=\"margin-top:-12vw\">\n<figure class=\"wp-block-image alignright size-full is-resized\" style=\"margin-right:-5vw;margin-left:-5vw\"><img loading=\"lazy\" decoding=\"async\" width=\"1000\" height=\"512\" src=\"https:\/\/elternrat-kuengenmatt.ch\/wp-content\/uploads\/2025\/10\/T-ShirtD_03.jpg\" alt=\"\" class=\"wp-image-234\" style=\"aspect-ratio:1;object-fit:cover;width:400px;height:auto\" srcset=\"https:\/\/elternrat-kuengenmatt.ch\/wp-content\/uploads\/2025\/10\/T-ShirtD_03.jpg 1000w, https:\/\/elternrat-kuengenmatt.ch\/wp-content\/uploads\/2025\/10\/T-ShirtD_03-300x154.jpg 300w, https:\/\/elternrat-kuengenmatt.ch\/wp-content\/uploads\/2025\/10\/T-ShirtD_03-768x393.jpg 768w\" sizes=\"auto, (max-width: 1000px) 100vw, 1000px\" \/><\/figure>\n<\/div>\n<\/div>\n\n\n\n<div class=\"wp-block-column is-vertically-aligned-center is-layout-flow wp-block-column-is-layout-flow\" style=\"padding-right:0;padding-left:0;flex-basis:50%\">\n<p class=\"has-text-align-left has-xx-large-font-size\">Mitmachen &amp; Kontakt<\/p>\n\n\n\n<p class=\"has-text-align-left is-style-text-subtitle has-large-font-size is-style-text-subtitle--26\">Interesse an Mitarbeit im Elternrat oder in einem Projekt?<br>Melde dich direkt bei einem Vorstandmitglied oder schreibe uns.<\/p>\n\n\n\n<div class=\"wp-block-buttons is-layout-flex wp-block-buttons-is-layout-flex\">\n<div class=\"wp-block-button is-style-outline is-style-outline--27\"><a class=\"wp-block-button__link has-contrast-color has-accent-5-background-color has-text-color has-background has-link-color wp-element-button\" href=\"mailto:elternrat.kuengenmatt@gmail.com\">Kontakt<\/a><\/div>\n<\/div>\n<\/div>\n<\/div>\n<\/div>\n\n\n\n<aside class=\"wp-block-group alignfull is-style-section-1 has-global-padding is-layout-constrained wp-container-core-group-is-layout-f0f2a97b wp-block-group-is-layout-constrained is-style-section-1--28\" style=\"margin-top:0;margin-bottom:0;padding-top:var(--wp--preset--spacing--50);padding-right:var(--wp--preset--spacing--50);padding-bottom:var(--wp--preset--spacing--50);padding-left:var(--wp--preset--spacing--50)\">\n<div class=\"wp-block-group is-vertical is-content-justification-center is-layout-flex wp-container-core-group-is-layout-8778ca4a wp-block-group-is-layout-flex\" style=\"min-height:360px;margin-top:0;margin-bottom:0\">\n<p class=\"has-xx-large-font-size\" id=\"Download\">Download und Links<\/p>\n\n\n\n<p class=\"has-text-align-center is-style-text-subtitle has-manrope-font-family has-large-font-size is-style-text-subtitle--29\">N\u00e4chste Elternrat Sitzung: Dienstag 21.10.2025 im Hort K\u00fcngenmatt 1<\/p>\n\n\n\n<ul class=\"wp-block-list\">\n<li class=\"has-large-font-size\"><a href=\"https:\/\/elternrat-kuengenmatt.ch\/wp-content\/uploads\/2025\/08\/Eltern-ABC-01_09_2020.pdf\">Eltern ABC<\/a> \u2013 Begriffserkl\u00e4rungen rund um den Schulalltag<\/li>\n\n\n\n<li class=\"has-large-font-size\"><a href=\"https:\/\/elternrat-kuengenmatt.ch\/wp-content\/uploads\/2025\/07\/logo-t-shirt-1.pdf\">K\u00fcngenmatt Logo<\/a><\/li>\n\n\n\n<li class=\"has-large-font-size\"><a href=\"https:\/\/elternrat-kuengenmatt.ch\/wp-content\/uploads\/2025\/08\/Geschaeftsordnung_ER_Kuegenmatt.pdf\">Gesch\u00e4ftsordnung Elternrat K\u00fcngenmatt<\/a><\/li>\n\n\n\n<li class=\"has-large-font-size\"><a href=\"https:\/\/elternrat-kuengenmatt.ch\/wp-content\/uploads\/2025\/08\/Factssheet_Volksschulwesen.pdf\">Factssheet Volksschulwesen Z\u00fcrich<\/a> \u2013 Orientierung f\u00fcr Elternvertreter:innen<\/li>\n\n\n\n<li class=\"has-large-font-size\"><a href=\"https:\/\/elternrat-kuengenmatt.ch\/wp-content\/uploads\/2025\/08\/stadtzuerich_elternmitwirkung.pdf\">Elternmitwirkung an Volksschule <\/a>\u2013 Leitfaden<\/li>\n\n\n\n<li class=\"has-large-font-size\">Weiterf\u00fchrende Links zu Partnerseiten f\u00fcr Eltern und ihre Kinder in unserer <a href=\"https:\/\/elternrat-kuengenmatt.ch\/?page_id=85\" data-type=\"page\" data-id=\"85\">Linksammlung<\/a><\/li>\n<\/ul>\n<\/div>\n<\/aside>\n","protected":false},"excerpt":{"rendered":"<p>Der Elternrat der Primarschule K\u00fcngenmatt ist die Br\u00fccke zwischen Schule und Elternhaus. Wir unterst\u00fctzen den Schulbetrieb, f\u00f6rdern die Gemeinschaft und organisieren Projekte \u2013 immer zum Wohl der Kinder. News und Termine N\u00e4chste Elternrat Sitzung: Dienstag 12.03.2026 im Hort K\u00fcngenmatt 1 \u200bAb 18:30 sind alle Elternr\u00e4te und Interessierte herzlich eingeladen, die eine Idee f\u00fcr eine neue [&hellip;]<\/p>\n","protected":false},"author":2,"featured_media":0,"parent":0,"menu_order":0,"comment_status":"closed","ping_status":"closed","template":"page-no-title","meta":{"footnotes":""},"class_list":["post-146","page","type-page","status-publish","hentry"],"_links":{"self":[{"href":"https:\/\/elternrat-kuengenmatt.ch\/index.php?rest_route=\/wp\/v2\/pages\/146","targetHints":{"allow":["GET"]}}],"collection":[{"href":"https:\/\/elternrat-kuengenmatt.ch\/index.php?rest_route=\/wp\/v2\/pages"}],"about":[{"href":"https:\/\/elternrat-kuengenmatt.ch\/index.php?rest_route=\/wp\/v2\/types\/page"}],"author":[{"embeddable":true,"href":"https:\/\/elternrat-kuengenmatt.ch\/index.php?rest_route=\/wp\/v2\/users\/2"}],"replies":[{"embeddable":true,"href":"https:\/\/elternrat-kuengenmatt.ch\/index.php?rest_route=%2Fwp%2Fv2%2Fcomments&post=146"}],"version-history":[{"count":32,"href":"https:\/\/elternrat-kuengenmatt.ch\/index.php?rest_route=\/wp\/v2\/pages\/146\/revisions"}],"predecessor-version":[{"id":250,"href":"https:\/\/elternrat-kuengenmatt.ch\/index.php?rest_route=\/wp\/v2\/pages\/146\/revisions\/250"}],"wp:attachment":[{"href":"https:\/\/elternrat-kuengenmatt.ch\/index.php?rest_route=%2Fwp%2Fv2%2Fmedia&parent=146"}],"curies":[{"name":"wp","href":"https:\/\/api.w.org\/{rel}","templated":true}]}}