{"id":100,"date":"2025-10-21T19:06:36","date_gmt":"2025-10-21T19:06:36","guid":{"rendered":"https:\/\/elternrat-kuengenmatt.ch\/?page_id=100"},"modified":"2025-10-22T08:02:11","modified_gmt":"2025-10-22T08:02:11","slug":"aktuelle-projekte","status":"publish","type":"page","link":"https:\/\/elternrat-kuengenmatt.ch\/?page_id=100","title":{"rendered":"Aktuelle Projekte"},"content":{"rendered":"\n<div class=\"wp-block-group alignfull is-style-section-1 has-global-padding is-layout-constrained wp-block-group-is-layout-constrained is-style-section-1--1\" style=\"margin-top:0;margin-bottom:0;padding-top:var(--wp--preset--spacing--50);padding-bottom:var(--wp--preset--spacing--50)\">\n<p class=\"has-large-font-size\">Der Elternrat setzt sich mit vielf\u00e4ltigen Projekten f\u00fcr unsere Kinder und die Schulgemeinschaft ein.<\/p>\n\n\n\n<div class=\"wp-block-columns alignwide is-layout-flex wp-container-core-columns-is-layout-a410ead0 wp-block-columns-is-layout-flex\" style=\"padding-top:0;padding-bottom:0\">\n<div class=\"wp-block-column is-layout-flow wp-block-column-is-layout-flow\" style=\"flex-basis:40%\">\n<figure class=\"wp-block-image size-large is-style-default\"><img loading=\"lazy\" decoding=\"async\" width=\"1024\" height=\"683\" src=\"https:\/\/elternrat-kuengenmatt.ch\/wp-content\/uploads\/2025\/10\/T-ShirtD_01-1024x683.jpg\" alt=\"\" class=\"wp-image-237\" style=\"aspect-ratio:1;object-fit:cover\" srcset=\"https:\/\/elternrat-kuengenmatt.ch\/wp-content\/uploads\/2025\/10\/T-ShirtD_01-1024x683.jpg 1024w, https:\/\/elternrat-kuengenmatt.ch\/wp-content\/uploads\/2025\/10\/T-ShirtD_01-300x200.jpg 300w, https:\/\/elternrat-kuengenmatt.ch\/wp-content\/uploads\/2025\/10\/T-ShirtD_01-768x512.jpg 768w, https:\/\/elternrat-kuengenmatt.ch\/wp-content\/uploads\/2025\/10\/T-ShirtD_01.jpg 1500w\" sizes=\"auto, (max-width: 1024px) 100vw, 1024px\" \/><\/figure>\n<\/div>\n\n\n\n<div class=\"wp-block-column is-vertically-aligned-center is-layout-flow wp-container-core-column-is-layout-119bc444 wp-block-column-is-layout-flow\" style=\"flex-basis:60%\">\n<h2 class=\"wp-block-heading has-xx-large-font-size\">T-Shirt K\u00fcngenmatt<\/h2>\n\n\n\n<p class=\"has-large-font-size\">Alle Kinder der Schule K\u00fcngenmatt erhalten ein T-Shirt mit dem Schullogo \u2013 dem \u201eschlauen Fuchs\u201c. Es wird f\u00fcr Erstkl\u00e4ssler als Willkommensgeschenk getruckt und bei Sportanl\u00e4ssen getragen. Gedruckt wird gemeinsam im Schulhaus.<\/p>\n\n\n\n<p class=\"has-medium-font-size\">Projektteam: Jyri Pasanen, Sarah Sch\u00f6ni<\/p>\n<\/div>\n<\/div>\n<\/div>\n\n\n\n<div class=\"wp-block-group alignfull is-style-section-1 has-global-padding is-layout-constrained wp-block-group-is-layout-constrained is-style-section-1--2\" style=\"margin-top:0;margin-bottom:0;padding-top:var(--wp--preset--spacing--50);padding-bottom:var(--wp--preset--spacing--50)\">\n<div class=\"wp-block-columns alignwide is-layout-flex wp-container-core-columns-is-layout-7ee84d44 wp-block-columns-is-layout-flex\">\n<div class=\"wp-block-column is-vertically-aligned-center is-layout-flow wp-block-column-is-layout-flow\" style=\"flex-basis:50%\">\n<h2 class=\"wp-block-heading has-xx-large-font-size\">Erz\u00e4hlnacht<\/h2>\n\n\n\n<p class=\"has-large-font-size\">Jedes Jahr im November organisiert der Elternrat die Erz\u00e4hlnacht. Unter einem neuen Motto erleben die Kinder spannende Lesungen, Geschichten und Begegnungen rund ums Buch.<\/p>\n\n\n\n<p class=\"has-medium-font-size\">Projektteam: Andrea Burkart, Franzsika Burg, Anne Temmler, Ariane Koller, Sabine de Castelberg<\/p>\n<\/div>\n\n\n\n<div class=\"wp-block-column is-vertically-aligned-center is-layout-flow wp-block-column-is-layout-flow\" style=\"flex-basis:50%\">\n<figure class=\"wp-block-image size-full is-style-default\"><img decoding=\"async\" src=\"https:\/\/elternrat-kuengenmatt.ch\/wp-content\/themes\/twentytwentyfive\/assets\/images\/ruins-image.webp\" alt=\"Cliff Palace, Colorado\" style=\"aspect-ratio:1;object-fit:cover\"\/><\/figure>\n<\/div>\n<\/div>\n<\/div>\n\n\n\n<div class=\"wp-block-group alignfull is-style-section-1 has-global-padding is-layout-constrained wp-block-group-is-layout-constrained is-style-section-1--3\" style=\"margin-top:0;margin-bottom:0;padding-top:var(--wp--preset--spacing--50);padding-bottom:var(--wp--preset--spacing--50)\">\n<div class=\"wp-block-columns alignwide is-layout-flex wp-container-core-columns-is-layout-643ced6b wp-block-columns-is-layout-flex\">\n<div class=\"wp-block-column is-layout-flow wp-block-column-is-layout-flow\" style=\"flex-basis:40%\">\n<figure class=\"wp-block-image size-full is-style-default\"><img loading=\"lazy\" decoding=\"async\" width=\"595\" height=\"841\" src=\"https:\/\/elternrat-kuengenmatt.ch\/wp-content\/uploads\/2025\/10\/Kuengenblatt_18_25-1.jpg\" alt=\"\" class=\"wp-image-223\" style=\"aspect-ratio:2\/3;object-fit:cover\" srcset=\"https:\/\/elternrat-kuengenmatt.ch\/wp-content\/uploads\/2025\/10\/Kuengenblatt_18_25-1.jpg 595w, https:\/\/elternrat-kuengenmatt.ch\/wp-content\/uploads\/2025\/10\/Kuengenblatt_18_25-1-212x300.jpg 212w\" sizes=\"auto, (max-width: 595px) 100vw, 595px\" \/><\/figure>\n<\/div>\n\n\n\n<div class=\"wp-block-column is-vertically-aligned-center is-layout-flow wp-container-core-column-is-layout-119bc444 wp-block-column-is-layout-flow\" style=\"flex-basis:60%\">\n<p class=\"has-xx-large-font-size\">K\u00fcngenblatt<\/p>\n\n\n\n<p>Das K\u00fcngenblatt ist eine Zeitung f\u00fcr Eltern, gestaltet von Sch\u00fcler:innen in Zusammenarbeit mit dem Elternrat. Es erscheint zweimal im Jahr.<\/p>\n\n\n\n<p class=\"has-medium-font-size\">Projektteam: Michi Koller<\/p>\n<\/div>\n<\/div>\n<\/div>\n\n\n\n<div class=\"wp-block-group alignfull is-style-default has-accent-5-background-color has-background has-global-padding is-layout-constrained wp-block-group-is-layout-constrained\" style=\"margin-top:0;margin-bottom:0;padding-top:var(--wp--preset--spacing--50);padding-bottom:var(--wp--preset--spacing--50)\">\n<div class=\"wp-block-columns alignwide is-layout-flex wp-container-core-columns-is-layout-7ee84d44 wp-block-columns-is-layout-flex\">\n<div class=\"wp-block-column is-vertically-aligned-center is-layout-flow wp-block-column-is-layout-flow\" style=\"flex-basis:50%\">\n<h2 class=\"wp-block-heading has-contrast-color has-text-color has-link-color has-xx-large-font-size wp-elements-2e90017631c01bdf19ebd550bb80383f\">Elternbildung<\/h2>\n\n\n\n<p class=\"has-contrast-color has-text-color has-link-color has-large-font-size wp-elements-45aeb7a8ab283783c5c368baaec6f40f\">Gemeinsam mit den Schulen Am \u00dcetliberg und Bachtobel organisiert der Elternrat zweimal j\u00e4hrlich Elternbildungsabende mit Fachleuten zu aktuellen Themen<\/p>\n\n\n\n<p class=\"has-contrast-color has-text-color has-link-color has-medium-font-size wp-elements-eb899145c24136fc5235972d65845031\">Projektteam: <\/p>\n<\/div>\n\n\n\n<div class=\"wp-block-column is-vertically-aligned-center is-layout-flow wp-block-column-is-layout-flow\" style=\"flex-basis:50%\">\n<figure class=\"wp-block-image size-full is-style-default\"><img decoding=\"async\" src=\"https:\/\/elternrat-kuengenmatt.ch\/wp-content\/themes\/twentytwentyfive\/assets\/images\/ruins-image.webp\" alt=\"Cliff Palace, Colorado\" style=\"aspect-ratio:1;object-fit:cover\"\/><\/figure>\n<\/div>\n<\/div>\n<\/div>\n\n\n\n<div class=\"wp-block-group alignfull is-style-default has-accent-5-background-color has-background has-global-padding is-layout-constrained wp-block-group-is-layout-constrained\" style=\"margin-top:0;margin-bottom:0;padding-top:var(--wp--preset--spacing--50);padding-bottom:var(--wp--preset--spacing--50)\">\n<div class=\"wp-block-columns alignwide is-layout-flex wp-container-core-columns-is-layout-7ee84d44 wp-block-columns-is-layout-flex\">\n<div class=\"wp-block-column is-vertically-aligned-center is-layout-flow wp-block-column-is-layout-flow\" style=\"flex-basis:100%\">\n<details class=\"wp-block-details is-layout-flow wp-block-details-is-layout-flow\"><summary>Integration von Eltern<\/summary>\n<p>Das \u201eG\u00f6ttisystem\u201c unterst\u00fctzt fremdsprachige Eltern beim Einstieg ins Schulleben, erkl\u00e4rt Begriffe und erleichtert Kontakte. Dazu gibt es ein Online-Eltern-ABC mit wichtigen Schulbegriffen.<\/p>\n<\/details>\n\n\n\n<details class=\"wp-block-details is-layout-flow wp-block-details-is-layout-flow\"><summary>K\u00fcngenmattfest<\/summary>\n<p>Alle zwei Jahre organisiert der Elternrat zusammen mit der Schule ein grosses Fest f\u00fcr Kinder, Eltern und Lehrpersonen.<\/p>\n<\/details>\n\n\n\n<h2 class=\"wp-block-heading has-contrast-color has-text-color has-link-color has-xx-large-font-size wp-elements-1b64c64a3127b2a3e08616cd00bb954a\">Abgeschlossene Projekte<\/h2>\n\n\n\n<ul class=\"wp-block-list\">\n<li>Rettung Malatelier trotz Sparmassnamen der Stadt Z\u00fcrich<\/li>\n\n\n\n<li>Anmalen der Baustellenw\u00e4nde Neubau Sportanlage Heuried.<\/li>\n\n\n\n<li>Fotoausstellung f\u00fcr 60 Jahr-Jubil\u00e4um K\u00fcngenmatt: Alte Bilder der Schule gegen\u00fcber den Zukunftsbildern der Kinder.<\/li>\n\n\n\n<li>Z\u00fcrich Silvesterlauf: Teilnahme einer Schulklasse<\/li>\n\n\n\n<li>&#171;Ein Arbeitsalltag als \u2026&#187;: Eltern pr\u00e4sentieren ihre Berufe<\/li>\n<\/ul>\n<\/div>\n<\/div>\n<\/div>\n","protected":false},"excerpt":{"rendered":"<p>Der Elternrat setzt sich mit vielf\u00e4ltigen Projekten f\u00fcr unsere Kinder und die Schulgemeinschaft ein. T-Shirt K\u00fcngenmatt Alle Kinder der Schule K\u00fcngenmatt erhalten ein T-Shirt mit dem Schullogo \u2013 dem \u201eschlauen Fuchs\u201c. Es wird f\u00fcr Erstkl\u00e4ssler als Willkommensgeschenk getruckt und bei Sportanl\u00e4ssen getragen. Gedruckt wird gemeinsam im Schulhaus. Projektteam: Jyri Pasanen, Sarah Sch\u00f6ni Erz\u00e4hlnacht Jedes Jahr [&hellip;]<\/p>\n","protected":false},"author":4,"featured_media":0,"parent":146,"menu_order":0,"comment_status":"closed","ping_status":"closed","template":"page-no-title","meta":{"footnotes":""},"class_list":["post-100","page","type-page","status-publish","hentry"],"_links":{"self":[{"href":"https:\/\/elternrat-kuengenmatt.ch\/index.php?rest_route=\/wp\/v2\/pages\/100","targetHints":{"allow":["GET"]}}],"collection":[{"href":"https:\/\/elternrat-kuengenmatt.ch\/index.php?rest_route=\/wp\/v2\/pages"}],"about":[{"href":"https:\/\/elternrat-kuengenmatt.ch\/index.php?rest_route=\/wp\/v2\/types\/page"}],"author":[{"embeddable":true,"href":"https:\/\/elternrat-kuengenmatt.ch\/index.php?rest_route=\/wp\/v2\/users\/4"}],"replies":[{"embeddable":true,"href":"https:\/\/elternrat-kuengenmatt.ch\/index.php?rest_route=%2Fwp%2Fv2%2Fcomments&post=100"}],"version-history":[{"count":13,"href":"https:\/\/elternrat-kuengenmatt.ch\/index.php?rest_route=\/wp\/v2\/pages\/100\/revisions"}],"predecessor-version":[{"id":238,"href":"https:\/\/elternrat-kuengenmatt.ch\/index.php?rest_route=\/wp\/v2\/pages\/100\/revisions\/238"}],"up":[{"embeddable":true,"href":"https:\/\/elternrat-kuengenmatt.ch\/index.php?rest_route=\/wp\/v2\/pages\/146"}],"wp:attachment":[{"href":"https:\/\/elternrat-kuengenmatt.ch\/index.php?rest_route=%2Fwp%2Fv2%2Fmedia&parent=100"}],"curies":[{"name":"wp","href":"https:\/\/api.w.org\/{rel}","templated":true}]}}